{"id":1391,"date":"2023-09-06T12:13:56","date_gmt":"2023-09-06T12:13:56","guid":{"rendered":"https:\/\/belmaflex.com\/company\/"},"modified":"2025-02-27T21:00:16","modified_gmt":"2025-02-27T21:00:16","slug":"firma","status":"publish","type":"page","link":"https:\/\/belmaflex.com\/pl\/firma\/","title":{"rendered":"Firma"},"content":{"rendered":"<section class=\"l-section wpb_row us_custom_8d789deb home-top-banner___ height_medium color_primary\"><div class=\"l-section-h i-cf\"><div class=\"g-cols vc_row via_flex valign_top type_default stacking_default\"><div class=\"vc_col-sm-12 wpb_column vc_column_container\"><div class=\"vc_column-inner\"><div class=\"wpb_wrapper\"><div class=\"wpb_text_column us_custom_44436d57\"><div class=\"wpb_wrapper\"><h1>Nap\u0119dzanie przysz\u0142o\u015bci ciep\u0142ownictwa<\/h1>\n<p>Twoje kompleksowe rozwi\u0105zania w zakresie komponent\u00f3w PE-HD<\/p>\n<\/div><\/div><div class=\"w-btn-wrapper align_center\"><a class=\"w-btn us-btn-style_6 us_custom_37236190 us_animate_this\" href=\"#trusted-source\"><span class=\"w-btn-label\">Przewi\u0144<\/span><\/a><\/div><\/div><\/div><\/div><\/div><\/div><\/section><section class=\"l-section wpb_row height_large\" id=\"trusted-source\"><div class=\"l-section-h i-cf\"><div class=\"g-cols vc_row via_flex valign_top type_default stacking_default\"><div class=\"vc_col-sm-8 wpb_column vc_column_container\"><div class=\"vc_column-inner\"><div class=\"wpb_wrapper\"><div class=\"wpb_text_column\"><div class=\"wpb_wrapper\"><h2>Tw\u00f3j zaufany europejski dostawca komponent\u00f3w dla ciep\u0142owniczych system\u00f3w rurowych<\/h2>\n<\/div><\/div><\/div><\/div><\/div><div class=\"vc_col-sm-4 wpb_column vc_column_container\"><div class=\"vc_column-inner\"><div class=\"wpb_wrapper\"><div class=\"w-separator size_custom\" style=\"height:80px\"><\/div><div class=\"wpb_text_column\"><div class=\"wpb_wrapper\"><p>Belmaflex jest wiod\u0105cym europejskim producentem muf termokurczliwych, redukcji i innych komponent\u00f3w PE-HD dla ciep\u0142ownictwa.<\/p>\n<\/div><\/div><\/div><\/div><\/div><\/div><\/div><\/section><section class=\"l-section wpb_row height_auto width_full\"><div class=\"l-section-h i-cf\"><div class=\"g-cols vc_row via_flex valign_top type_default stacking_default\"><div class=\"vc_col-sm-12 wpb_column vc_column_container\"><div class=\"vc_column-inner\"><div class=\"wpb_wrapper\"><div class=\"w-grid type_carousel layout_364 cols_2 ratio_16x9\" id=\"us_grid_1\" style=\"--gap:1rem;\"><style>#us_grid_1 .w-grid-item-h:before{padding-bottom:56.25%}.layout_364 .w-grid-item-h:before{padding-bottom:100%}.layout_364 .w-grid-item-h{}<\/style><div class=\"w-grid-list owl-carousel navstyle_circle navpos_outside\">\t<article class=\"w-grid-item post-1043 attachment type-attachment status-inherit hentry\" data-id=\"1043\">\r\n\t\t<div class=\"w-grid-item-h\">\r\n\t\t\t\t\t\t<div class=\"w-post-elm post_image usg_post_image_1 has_ratio\"><div style=\"padding-bottom:56.25%\"><\/div><img loading=\"lazy\" decoding=\"async\" width=\"1024\" height=\"683\" src=\"https:\/\/belmaflex.com\/wp-content\/uploads\/2024\/03\/Belmaflex-23052020-fot-Joanna-Nowicka-047-net-1024x683.jpg\" class=\"attachment-large size-large\" alt=\"\" srcset=\"https:\/\/belmaflex.com\/wp-content\/uploads\/2024\/03\/Belmaflex-23052020-fot-Joanna-Nowicka-047-net-1024x683.jpg 1024w, https:\/\/belmaflex.com\/wp-content\/uploads\/2024\/03\/Belmaflex-23052020-fot-Joanna-Nowicka-047-net-300x200.jpg 300w\" sizes=\"auto, (max-width: 1024px) 100vw, 1024px\" \/><\/div>\t\t<\/div>\r\n\t<\/article>\r\n\t<article class=\"w-grid-item post-619 attachment type-attachment status-inherit hentry\" data-id=\"619\">\r\n\t\t<div class=\"w-grid-item-h\">\r\n\t\t\t\t\t\t<div class=\"w-post-elm post_image usg_post_image_1 has_ratio\"><div style=\"padding-bottom:56.25%\"><\/div><img loading=\"lazy\" decoding=\"async\" width=\"636\" height=\"429\" src=\"https:\/\/belmaflex.com\/wp-content\/uploads\/2023\/09\/Belmaflex-23052020-fot-Joanna-Nowicka-062-net-1.png\" class=\"attachment-large size-large\" alt=\"\" srcset=\"https:\/\/belmaflex.com\/wp-content\/uploads\/2023\/09\/Belmaflex-23052020-fot-Joanna-Nowicka-062-net-1.png 636w, https:\/\/belmaflex.com\/wp-content\/uploads\/2023\/09\/Belmaflex-23052020-fot-Joanna-Nowicka-062-net-1-300x202.png 300w\" sizes=\"auto, (max-width: 636px) 100vw, 636px\" \/><\/div>\t\t<\/div>\r\n\t<\/article>\r\n\t<article class=\"w-grid-item post-615 attachment type-attachment status-inherit hentry\" data-id=\"615\">\r\n\t\t<div class=\"w-grid-item-h\">\r\n\t\t\t\t\t\t<div class=\"w-post-elm post_image usg_post_image_1 has_ratio\"><div style=\"padding-bottom:56.25%\"><\/div><img loading=\"lazy\" decoding=\"async\" width=\"601\" height=\"370\" src=\"https:\/\/belmaflex.com\/wp-content\/uploads\/2023\/09\/Belmaflex-23052020-fot-Joanna-Nowicka-047-net-6.png\" class=\"attachment-large size-large\" alt=\"\" srcset=\"https:\/\/belmaflex.com\/wp-content\/uploads\/2023\/09\/Belmaflex-23052020-fot-Joanna-Nowicka-047-net-6.png 601w, https:\/\/belmaflex.com\/wp-content\/uploads\/2023\/09\/Belmaflex-23052020-fot-Joanna-Nowicka-047-net-6-300x185.png 300w\" sizes=\"auto, (max-width: 601px) 100vw, 601px\" \/><\/div>\t\t<\/div>\r\n\t<\/article>\r\n\t<article class=\"w-grid-item post-617 attachment type-attachment status-inherit hentry\" data-id=\"617\">\r\n\t\t<div class=\"w-grid-item-h\">\r\n\t\t\t\t\t\t<div class=\"w-post-elm post_image usg_post_image_1 has_ratio\"><div style=\"padding-bottom:56.25%\"><\/div><img loading=\"lazy\" decoding=\"async\" width=\"600\" height=\"370\" src=\"https:\/\/belmaflex.com\/wp-content\/uploads\/2023\/09\/Belmaflex-23052020-fot-Joanna-Nowicka-047-net-7.png\" class=\"attachment-large size-large\" alt=\"\" srcset=\"https:\/\/belmaflex.com\/wp-content\/uploads\/2023\/09\/Belmaflex-23052020-fot-Joanna-Nowicka-047-net-7.png 600w, https:\/\/belmaflex.com\/wp-content\/uploads\/2023\/09\/Belmaflex-23052020-fot-Joanna-Nowicka-047-net-7-300x185.png 300w\" sizes=\"auto, (max-width: 600px) 100vw, 600px\" \/><\/div>\t\t<\/div>\r\n\t<\/article>\r\n<\/div><div class=\"g-preloader type_1\">\r\n\t<div><\/div>\r\n<\/div>\r\n\t<div class=\"w-grid-json hidden\" onclick='return {&quot;action&quot;:&quot;us_ajax_grid&quot;,&quot;ajax_url&quot;:&quot;https:\\\/\\\/belmaflex.com\\\/wp-admin\\\/admin-ajax.php&quot;,&quot;infinite_scroll&quot;:0,&quot;max_num_pages&quot;:1,&quot;pagination&quot;:&quot;none&quot;,&quot;permalink_url&quot;:&quot;https:\\\/\\\/belmaflex.com\\\/pl\\\/wp-json\\\/wp\\\/v2\\\/pages\\\/1391\\\/&quot;,&quot;template_vars&quot;:{&quot;columns&quot;:&quot;2&quot;,&quot;exclude_items&quot;:&quot;none&quot;,&quot;img_size&quot;:&quot;default&quot;,&quot;ignore_items_size&quot;:0,&quot;items_layout&quot;:&quot;364&quot;,&quot;items_offset&quot;:&quot;1&quot;,&quot;load_animation&quot;:&quot;none&quot;,&quot;overriding_link&quot;:&quot;%7B%22url%22%3A%22%22%7D&quot;,&quot;post_id&quot;:0,&quot;query_args&quot;:{&quot;post_type&quot;:[&quot;attachment&quot;],&quot;post__in&quot;:[&quot;359&quot;,&quot;360&quot;,&quot;361&quot;,&quot;1041&quot;],&quot;post_status&quot;:&quot;inherit&quot;,&quot;post_mime_type&quot;:&quot;image&quot;,&quot;posts_per_page&quot;:&quot;10&quot;},&quot;orderby_query_args&quot;:{&quot;orderby&quot;:{&quot;date&quot;:&quot;DESC&quot;}},&quot;type&quot;:&quot;carousel&quot;,&quot;us_grid_ajax_index&quot;:1,&quot;us_grid_filter_params&quot;:null,&quot;us_grid_index&quot;:1,&quot;_us_grid_post_type&quot;:&quot;attachment&quot;,&quot;page_args&quot;:[],&quot;lang&quot;:&quot;pl&quot;},&quot;carousel_settings&quot;:{&quot;autoHeight&quot;:0,&quot;autoplay&quot;:1,&quot;carousel_fade&quot;:0,&quot;center&quot;:0,&quot;dots&quot;:0,&quot;items&quot;:&quot;2&quot;,&quot;loop&quot;:true,&quot;nav&quot;:0,&quot;slideby&quot;:&quot;1&quot;,&quot;smooth_play&quot;:1,&quot;speed&quot;:250,&quot;timeout&quot;:10000,&quot;transition&quot;:&quot;&quot;,&quot;aria_labels&quot;:{&quot;prev&quot;:&quot;Poprzedni&quot;,&quot;next&quot;:&quot;Nast\\u0119pny&quot;}},&quot;carousel_breakpoints&quot;:{&quot;0&quot;:{&quot;autoHeight&quot;:0,&quot;autoplay&quot;:1,&quot;autoplayHoverPause&quot;:1,&quot;items&quot;:1,&quot;loop&quot;:true,&quot;stagePadding&quot;:0},&quot;601&quot;:{&quot;autoHeight&quot;:0,&quot;autoplay&quot;:1,&quot;autoplayHoverPause&quot;:1,&quot;items&quot;:2,&quot;loop&quot;:true,&quot;stagePadding&quot;:0},&quot;1025&quot;:{&quot;autoHeight&quot;:0,&quot;autoplay&quot;:1,&quot;autoplayHoverPause&quot;:1,&quot;items&quot;:&quot;2&quot;,&quot;loop&quot;:true,&quot;stagePadding&quot;:0},&quot;1381&quot;:{&quot;items&quot;:2,&quot;stagePadding&quot;:0}}}'><\/div>\r\n\t<\/div><\/div><\/div><\/div><\/div><\/div><\/section><section class=\"l-section wpb_row us_custom_31e9115a us_animate_this height_large\"><div class=\"l-section-h i-cf\"><div class=\"g-cols vc_row via_flex valign_top type_default stacking_default\"><div class=\"vc_col-sm-6 wpb_column vc_column_container\"><div class=\"vc_column-inner us_custom_60e9caca us_animate_this\"><div class=\"wpb_wrapper\"><div class=\"wpb_text_column section-title\"><div class=\"wpb_wrapper\"><p id=\"innov\">Innovation<\/p>\n<\/div><\/div><div class=\"wpb_text_column\"><div class=\"wpb_wrapper\"><h2>Ustanawianie standard\u00f3w bran\u017cowych<\/h2>\n<p>Nasza wiedza i rozwi\u0105zania s\u0105 implementowane w wielu zastosowaniach przemys\u0142owych i eksportowane do wszystkich region\u00f3w \u015bwiata, gdzie wdra\u017cane s\u0105 nowoczesne systemy dystrybucji cieczy\/gaz\u00f3w.<\/p>\n<p>Know-how zgromadzone od pocz\u0105tku lat 70-tych zapewnia klientom i partnerom Belmaflex profesjonalne i kompetentne wsparcie, gwarantuj\u0105ce maksymaln\u0105 niezawodno\u015b\u0107 i minimalne ryzyko.<\/p>\n<p>Nasi in\u017cynierowie posiadaj\u0105 ogromne do\u015bwiadczenie doradcze w zakresie projektowania system\u00f3w i rozwi\u0105za\u0144 oraz zapewniania jako\u015bci. Niezale\u017cnie od tego, czy projektujesz nowy system, opracowujesz rozwi\u0105zanie techniczne, planujesz instalacj\u0119, produkujesz rury, czy jeste\u015b zaanga\u017cowany w proces projektowania lub instalacji, Belmaflex posiada wiedz\u0119, aby doradzi\u0107 Ci i pom\u00f3c w tworzeniu jak najsilniejszych rozwi\u0105za\u0144.<\/p>\n<\/div><\/div><\/div><\/div><\/div><div class=\"vc_col-sm-6 wpb_column vc_column_container\"><div class=\"vc_column-inner us_custom_6b3169bf\"><div class=\"wpb_wrapper\"><div class=\"w-hwrapper valign_top align_none\" style=\"--hwrapper-gap:1.20rem\"><\/div><div class=\"w-separator size_custom\" style=\"height:10px\"><\/div><div class=\"w-image align_right\"><div url class=\"w-image-h\"><img loading=\"lazy\" decoding=\"async\" width=\"1707\" height=\"2560\" src=\"https:\/\/belmaflex.com\/wp-content\/uploads\/2024\/03\/C5B8174-2-scaled.jpg\" class=\"attachment-full size-full\" alt=\"\" srcset=\"https:\/\/belmaflex.com\/wp-content\/uploads\/2024\/03\/C5B8174-2-scaled.jpg 1707w, https:\/\/belmaflex.com\/wp-content\/uploads\/2024\/03\/C5B8174-2-200x300.jpg 200w, https:\/\/belmaflex.com\/wp-content\/uploads\/2024\/03\/C5B8174-2-683x1024.jpg 683w\" sizes=\"auto, (max-width: 1707px) 100vw, 1707px\" \/><\/div><\/div><\/div><\/div><\/div><\/div><\/div><\/section><section class=\"l-section wpb_row us_custom_60e9caca us_animate_this height_large\"><div class=\"l-section-h i-cf\"><div class=\"g-cols vc_row via_flex valign_top type_default reversed stacking_default\"><div class=\"vc_col-sm-6 wpb_column vc_column_container\"><div class=\"vc_column-inner us_custom_4bf03cd7\"><div class=\"wpb_wrapper\"><div class=\"w-hwrapper valign_top align_none\"><\/div><div class=\"w-separator size_small\"><\/div><div class=\"w-image has_ratio align_right\"><div url class=\"w-image-h\"><div style=\"padding-bottom:100%\"><\/div><img loading=\"lazy\" decoding=\"async\" width=\"628\" height=\"615\" src=\"https:\/\/belmaflex.com\/wp-content\/uploads\/2023\/09\/Belmaflex-23052020-fot-Joanna-Nowicka-047-net-4.png\" class=\"attachment-large size-large\" alt=\"\" srcset=\"https:\/\/belmaflex.com\/wp-content\/uploads\/2023\/09\/Belmaflex-23052020-fot-Joanna-Nowicka-047-net-4.png 628w, https:\/\/belmaflex.com\/wp-content\/uploads\/2023\/09\/Belmaflex-23052020-fot-Joanna-Nowicka-047-net-4-300x294.png 300w\" sizes=\"auto, (max-width: 628px) 100vw, 628px\" \/><\/div><\/div><\/div><\/div><\/div><div class=\"vc_col-sm-6 wpb_column vc_column_container\"><div class=\"vc_column-inner us_custom_60e9caca us_animate_this\"><div class=\"wpb_wrapper\"><div class=\"wpb_text_column section-title\"><div class=\"wpb_wrapper\"><p id=\"expert\">Eksperci<\/p>\n<\/div><\/div><div class=\"wpb_text_column\"><div class=\"wpb_wrapper\"><h2>Budowanie niezawodnych po\u0142\u0105cze\u0144<\/h2>\n<p>O\u015bwiadczenia klient\u00f3w:<\/p>\n<ul>\n<li>Belmaflex jest bardzo elastyczny i zawsze dotrzymuje potwierdzonego terminu dostawy.<\/li>\n<li>Jeste\u015bmy bardzo zadowoleni z Belmaflex. Wszystkie pro\u015bby o dostosowanie produkt\u00f3w do naszych wymaga\u0144 s\u0105 realizowane szybko, a rozwi\u0105zania zawsze si\u0119 znajduj\u0105.<\/li>\n<li>Jeste\u015bmy zadowoleni ze wysokiego poziomu obs\u0142ugi i kontynuowanej wsp\u00f3\u0142pracy.<\/li>\n<li>Bardzo niski wska\u017anik reklamacji jako\u015bciowych od Belmaflex.<\/li>\n<li>Belmaflex posiada kr\u00f3tkie czasy realizacji, dobr\u0105 wiedz\u0119 i jest precyzyjny w komunikacji.<\/li>\n<\/ul>\n<\/div><\/div><\/div><\/div><\/div><\/div><\/div><\/section><section class=\"l-section wpb_row us_custom_60e9caca us_animate_this height_large\"><div class=\"l-section-h i-cf\"><div class=\"g-cols vc_row via_flex valign_top type_default stacking_default\"><div class=\"vc_col-sm-12 wpb_column vc_column_container\"><div class=\"vc_column-inner us_custom_60e9caca us_animate_this\"><div class=\"wpb_wrapper\"><div class=\"wpb_text_column section-title\"><div class=\"wpb_wrapper\"><p id=\"cert\">Zatwierdzone<\/p>\n<\/div><\/div><div class=\"wpb_text_column\"><div class=\"wpb_wrapper\"><h2>Certyfikaty<\/h2>\n<p>W Belmaflex jeste\u015bmy dumni, \u017ce jeste\u015bmy wiod\u0105cym dostawc\u0105 rozwi\u0105za\u0144 dla ciep\u0142ownictwa, posiadaj\u0105cym ponad 25-letnie do\u015bwiadczenie w tej bran\u017cy.<\/p>\n<\/div><\/div><div class=\"w-separator size_small with_line width_default thick_1 style_solid color_border align_center\"><div class=\"w-separator-h\"><\/div><\/div><div class=\"w-iconbox button-certificate iconpos_left style_default color_primary align_none no_text icontype_img\"><a target=\"_blank\" href=\"http:\/\/belmaflex.com\/wp-content\/uploads\/2024\/04\/ISO-CERTIFICATE-2023_3.pdf\" class=\"w-iconbox-link\" aria-label=\"ISO 9001:2015\"><div class=\"w-iconbox-icon\" style=\"font-size:2rem;\"><?xml version=\"1.0\" encoding=\"UTF-8\"?> <svg xmlns=\"http:\/\/www.w3.org\/2000\/svg\" width=\"44\" height=\"44\" viewBox=\"0 0 44 44\" fill=\"none\"><circle opacity=\"0.5\" cx=\"22\" cy=\"22\" r=\"21\" stroke=\"#787878\" stroke-width=\"2\"><\/circle><path fill-rule=\"evenodd\" clip-rule=\"evenodd\" d=\"M34 25C34 22.201 32.084 19.85 29.491 19.187C28.353 16.156 25.428 14 22 14C18.965 14 16.324 15.691 14.968 18.181C12.118 18.87 10 21.438 10 24.5C10 26.2239 10.6848 27.8772 11.9038 29.0962C13.1228 30.3152 14.7761 31 16.5 31H28C29.5913 31 31.1174 30.3679 32.2426 29.2426C33.3679 28.1174 34 26.5913 34 25ZM22 18C22.2652 18 22.5196 18.1054 22.7071 18.2929C22.8946 18.4804 23 18.7348 23 19V24.586L25.293 22.293C25.4816 22.1108 25.7342 22.01 25.9964 22.0123C26.2586 22.0146 26.5094 22.1198 26.6948 22.3052C26.8802 22.4906 26.9854 22.7414 26.9877 23.0036C26.99 23.2658 26.8892 23.5184 26.707 23.707L22.707 27.707C22.5195 27.8945 22.2652 27.9998 22 27.9998C21.7348 27.9998 21.4805 27.8945 21.293 27.707L17.293 23.707C17.1108 23.5184 17.01 23.2658 17.0123 23.0036C17.0146 22.7414 17.1198 22.4906 17.3052 22.3052C17.4906 22.1198 17.7414 22.0146 18.0036 22.0123C18.2658 22.01 18.5184 22.1108 18.707 22.293L21 24.586V19C21 18.7348 21.1054 18.4804 21.2929 18.2929C21.4804 18.1054 21.7348 18 22 18Z\" fill=\"#BBBBBB\"><\/path><\/svg> <\/div><\/a><div class=\"w-iconbox-meta\"><a target=\"_blank\" href=\"http:\/\/belmaflex.com\/wp-content\/uploads\/2024\/04\/ISO-CERTIFICATE-2023_3.pdf\" class=\"w-iconbox-link\" aria-label=\"ISO 9001:2015\"><h4 class=\"w-iconbox-title\" style=\"font-size:18px;\">ISO 9001:2015<\/h4><\/a><\/div><\/div><div class=\"w-separator size_custom with_line width_default thick_2 style_solid color_border align_center\" style=\"height:1px\"><div class=\"w-separator-h\"><\/div><\/div><div class=\"w-iconbox button-certificate iconpos_left style_default color_primary align_none no_text icontype_img\"><a target=\"_blank\" href=\"http:\/\/belmaflex.com\/wp-content\/uploads\/2024\/04\/Type-test-report-Casing-joint-with-mastic.pdf\" class=\"w-iconbox-link\" aria-label=\"EN 489:2019\"><div class=\"w-iconbox-icon\" style=\"font-size:2rem;\"><?xml version=\"1.0\" encoding=\"UTF-8\"?> <svg xmlns=\"http:\/\/www.w3.org\/2000\/svg\" width=\"44\" height=\"44\" viewBox=\"0 0 44 44\" fill=\"none\"><circle opacity=\"0.5\" cx=\"22\" cy=\"22\" r=\"21\" stroke=\"#787878\" stroke-width=\"2\"><\/circle><path fill-rule=\"evenodd\" clip-rule=\"evenodd\" d=\"M34 25C34 22.201 32.084 19.85 29.491 19.187C28.353 16.156 25.428 14 22 14C18.965 14 16.324 15.691 14.968 18.181C12.118 18.87 10 21.438 10 24.5C10 26.2239 10.6848 27.8772 11.9038 29.0962C13.1228 30.3152 14.7761 31 16.5 31H28C29.5913 31 31.1174 30.3679 32.2426 29.2426C33.3679 28.1174 34 26.5913 34 25ZM22 18C22.2652 18 22.5196 18.1054 22.7071 18.2929C22.8946 18.4804 23 18.7348 23 19V24.586L25.293 22.293C25.4816 22.1108 25.7342 22.01 25.9964 22.0123C26.2586 22.0146 26.5094 22.1198 26.6948 22.3052C26.8802 22.4906 26.9854 22.7414 26.9877 23.0036C26.99 23.2658 26.8892 23.5184 26.707 23.707L22.707 27.707C22.5195 27.8945 22.2652 27.9998 22 27.9998C21.7348 27.9998 21.4805 27.8945 21.293 27.707L17.293 23.707C17.1108 23.5184 17.01 23.2658 17.0123 23.0036C17.0146 22.7414 17.1198 22.4906 17.3052 22.3052C17.4906 22.1198 17.7414 22.0146 18.0036 22.0123C18.2658 22.01 18.5184 22.1108 18.707 22.293L21 24.586V19C21 18.7348 21.1054 18.4804 21.2929 18.2929C21.4804 18.1054 21.7348 18 22 18Z\" fill=\"#BBBBBB\"><\/path><\/svg> <\/div><\/a><div class=\"w-iconbox-meta\"><a target=\"_blank\" href=\"http:\/\/belmaflex.com\/wp-content\/uploads\/2024\/04\/Type-test-report-Casing-joint-with-mastic.pdf\" class=\"w-iconbox-link\" aria-label=\"EN 489:2019\"><h4 class=\"w-iconbox-title\" style=\"font-size:18px;\">EN 489:2019<\/h4><\/a><\/div><\/div><div class=\"w-separator size_custom with_line width_default thick_2 style_solid color_border align_center\" style=\"height:1px\"><div class=\"w-separator-h\"><\/div><\/div><div class=\"w-separator size_custom with_line width_default thick_2 style_solid color_border align_center\" style=\"height:1px\"><div class=\"w-separator-h\"><\/div><\/div><div class=\"w-hwrapper valign_top align_none\"><\/div><div class=\"w-separator size_medium\"><\/div><\/div><\/div><\/div><\/div><\/div><\/section>\n","protected":false},"excerpt":{"rendered":"","protected":false},"author":1,"featured_media":0,"parent":0,"menu_order":0,"comment_status":"closed","ping_status":"closed","template":"","meta":{"footnotes":""},"class_list":["post-1391","page","type-page","status-publish","hentry"],"acf":[],"_links":{"self":[{"href":"https:\/\/belmaflex.com\/pl\/wp-json\/wp\/v2\/pages\/1391","targetHints":{"allow":["GET"]}}],"collection":[{"href":"https:\/\/belmaflex.com\/pl\/wp-json\/wp\/v2\/pages"}],"about":[{"href":"https:\/\/belmaflex.com\/pl\/wp-json\/wp\/v2\/types\/page"}],"author":[{"embeddable":true,"href":"https:\/\/belmaflex.com\/pl\/wp-json\/wp\/v2\/users\/1"}],"replies":[{"embeddable":true,"href":"https:\/\/belmaflex.com\/pl\/wp-json\/wp\/v2\/comments?post=1391"}],"version-history":[{"count":5,"href":"https:\/\/belmaflex.com\/pl\/wp-json\/wp\/v2\/pages\/1391\/revisions"}],"predecessor-version":[{"id":1457,"href":"https:\/\/belmaflex.com\/pl\/wp-json\/wp\/v2\/pages\/1391\/revisions\/1457"}],"wp:attachment":[{"href":"https:\/\/belmaflex.com\/pl\/wp-json\/wp\/v2\/media?parent=1391"}],"curies":[{"name":"wp","href":"https:\/\/api.w.org\/{rel}","templated":true}]}}